{"id":1191,"date":"2025-09-30T10:04:41","date_gmt":"2025-09-30T08:04:41","guid":{"rendered":"https:\/\/www.tecxart.es\/?page_id=1191"},"modified":"2026-01-03T23:19:06","modified_gmt":"2026-01-03T22:19:06","slug":"mis-apps","status":"publish","type":"page","link":"https:\/\/www.tecxart.es\/?page_id=1191","title":{"rendered":"Mis Apps"},"content":{"rendered":"\t\t<div data-elementor-type=\"wp-page\" data-elementor-id=\"1191\" class=\"elementor elementor-1191\" data-elementor-settings=\"{&quot;ha_cmc_init_switcher&quot;:&quot;no&quot;}\">\n\t\t\t\t<div class=\"has_eae_slider elementor-element elementor-element-be99520 e-con-full e-flex wpr-particle-no wpr-jarallax-no wpr-parallax-no wpr-sticky-section-no wpr-column-slider-no wpr-equal-height-no e-con e-parent\" data-eae-slider=\"66827\" data-id=\"be99520\" data-element_type=\"container\" data-settings=\"{&quot;background_background&quot;:&quot;gradient&quot;,&quot;_ob_use_container_extras&quot;:&quot;no&quot;,&quot;_ob_column_hoveranimator&quot;:&quot;no&quot;,&quot;_ha_eqh_enable&quot;:false,&quot;_ob_glider_is_slider&quot;:&quot;no&quot;,&quot;_ob_column_has_pseudo&quot;:&quot;no&quot;}\">\n\t\t\t\t<div class=\"elementor-element elementor-element-001b80c exad-sticky-section-no exad-glass-effect-no ob-has-background-overlay elementor-widget elementor-widget-image\" data-id=\"001b80c\" data-element_type=\"widget\" data-settings=\"{&quot;_ob_photomorph_use&quot;:&quot;no&quot;,&quot;_ob_perspektive_use&quot;:&quot;no&quot;,&quot;_ob_poopart_use&quot;:&quot;yes&quot;,&quot;_ob_shadough_use&quot;:&quot;no&quot;,&quot;_ob_allow_hoveranimator&quot;:&quot;no&quot;,&quot;_ob_widget_stalker_use&quot;:&quot;no&quot;}\" data-widget_type=\"image.default\">\n\t\t\t\t<div class=\"elementor-widget-container\">\n\t\t\t\t\t\t\t\t\t\t\t\t\t\t\t<img fetchpriority=\"high\" decoding=\"async\" width=\"1600\" height=\"400\" src=\"https:\/\/www.tecxart.es\/wp-content\/uploads\/2025\/09\/Aplicaciones.avif\" class=\"attachment-full size-full wp-image-1197\" alt=\"\" srcset=\"https:\/\/www.tecxart.es\/wp-content\/uploads\/2025\/09\/Aplicaciones.avif 1600w, https:\/\/www.tecxart.es\/wp-content\/uploads\/2025\/09\/Aplicaciones-300x75.avif 300w, https:\/\/www.tecxart.es\/wp-content\/uploads\/2025\/09\/Aplicaciones-1024x256.avif 1024w, https:\/\/www.tecxart.es\/wp-content\/uploads\/2025\/09\/Aplicaciones-768x192.avif 768w, https:\/\/www.tecxart.es\/wp-content\/uploads\/2025\/09\/Aplicaciones-1536x384.avif 1536w\" sizes=\"(max-width: 1600px) 100vw, 1600px\" \/>\t\t\t\t\t\t\t\t\t\t\t\t\t\t\t<\/div>\n\t\t\t\t<\/div>\n\t\t\t\t<\/div>\n\t\t<div class=\"has_eae_slider elementor-element elementor-element-4171ba3 e-flex e-con-boxed wpr-particle-no wpr-jarallax-no wpr-parallax-no wpr-sticky-section-no wpr-column-slider-no wpr-equal-height-no e-con e-parent\" data-eae-slider=\"75674\" data-id=\"4171ba3\" data-element_type=\"container\" data-settings=\"{&quot;background_background&quot;:&quot;classic&quot;,&quot;_ob_use_container_extras&quot;:&quot;no&quot;,&quot;_ob_column_hoveranimator&quot;:&quot;no&quot;,&quot;_ha_eqh_enable&quot;:false,&quot;_ob_glider_is_slider&quot;:&quot;no&quot;,&quot;_ob_column_has_pseudo&quot;:&quot;no&quot;}\">\n\t\t\t\t\t<div class=\"e-con-inner\">\n\t\t\t\t<div class=\"elementor-element elementor-element-fcd8da9 exad-sticky-section-no exad-glass-effect-no ob-has-background-overlay elementor-widget elementor-widget-spacer\" data-id=\"fcd8da9\" data-element_type=\"widget\" data-settings=\"{&quot;_ob_spacerat_use&quot;:&quot;no&quot;,&quot;_ob_perspektive_use&quot;:&quot;no&quot;,&quot;_ob_poopart_use&quot;:&quot;yes&quot;,&quot;_ob_shadough_use&quot;:&quot;no&quot;,&quot;_ob_allow_hoveranimator&quot;:&quot;no&quot;,&quot;_ob_widget_stalker_use&quot;:&quot;no&quot;}\" data-widget_type=\"spacer.default\">\n\t\t\t\t<div class=\"elementor-widget-container\">\n\t\t\t\t\t\t\t<div class=\"elementor-spacer\">\n\t\t\t<div class=\"elementor-spacer-inner\"><\/div>\n\t\t<\/div>\n\t\t\t\t\t\t<\/div>\n\t\t\t\t<\/div>\n\t\t\t\t<div class=\"elementor-element elementor-element-a12c581 eael-tooltip-align-center exad-sticky-section-no exad-glass-effect-no ob-has-background-overlay elementor-widget elementor-widget-eael-tooltip\" data-id=\"a12c581\" data-element_type=\"widget\" data-settings=\"{&quot;_ob_perspektive_use&quot;:&quot;no&quot;,&quot;_ob_poopart_use&quot;:&quot;yes&quot;,&quot;_ob_shadough_use&quot;:&quot;no&quot;,&quot;_ob_allow_hoveranimator&quot;:&quot;no&quot;,&quot;_ob_widget_stalker_use&quot;:&quot;no&quot;}\" data-widget_type=\"eael-tooltip.default\">\n\t\t\t\t<div class=\"elementor-widget-container\">\n\t\t\t\t\t\t<div class=\"eael-tooltip\">\n\t\t\t\t\t<span class=\"eael-tooltip-content\" tabindex=\"0\" aria-describedby=\"tooltip-text-a12c581\">\t\t\t\t\t\t\t<svg aria-hidden=\"true\" class=\"e-font-icon-svg e-fas-info-circle\" viewBox=\"0 0 512 512\" xmlns=\"http:\/\/www.w3.org\/2000\/svg\"><path d=\"M256 8C119.043 8 8 119.083 8 256c0 136.997 111.043 248 248 248s248-111.003 248-248C504 119.083 392.957 8 256 8zm0 110c23.196 0 42 18.804 42 42s-18.804 42-42 42-42-18.804-42-42 18.804-42 42-42zm56 254c0 6.627-5.373 12-12 12h-88c-6.627 0-12-5.373-12-12v-24c0-6.627 5.373-12 12-12h12v-64h-12c-6.627 0-12-5.373-12-12v-24c0-6.627 5.373-12 12-12h64c6.627 0 12 5.373 12 12v100h12c6.627 0 12 5.373 12 12v24z\"><\/path><\/svg>\t\t\t<\/span>\n  \t\t\t<span id=\"tooltip-text-a12c581\" class=\"eael-tooltip-text eael-tooltip-right\" role=\"tooltip\"><p>Gracias por visitar mi web, en esta secci\u00f3n quiero pedirte un favor.<br \/>Si tienes un tel\u00e9fono Android ay\u00fadame a publicar mis Apps en la Tienda de Google Play.<\/p><p>\u00a1Gracias!<\/p><\/span>\n  \t\t\t<\/div>\n\t\t\t\t\t<\/div>\n\t\t\t\t<\/div>\n\t\t\t\t<div class=\"elementor-element elementor-element-8e37979 exad-sticky-section-no exad-glass-effect-no ob-has-background-overlay elementor-widget elementor-widget-spacer\" data-id=\"8e37979\" data-element_type=\"widget\" data-settings=\"{&quot;_ob_spacerat_use&quot;:&quot;no&quot;,&quot;_ob_perspektive_use&quot;:&quot;no&quot;,&quot;_ob_poopart_use&quot;:&quot;yes&quot;,&quot;_ob_shadough_use&quot;:&quot;no&quot;,&quot;_ob_allow_hoveranimator&quot;:&quot;no&quot;,&quot;_ob_widget_stalker_use&quot;:&quot;no&quot;}\" data-widget_type=\"spacer.default\">\n\t\t\t\t<div class=\"elementor-widget-container\">\n\t\t\t\t\t\t\t<div class=\"elementor-spacer\">\n\t\t\t<div class=\"elementor-spacer-inner\"><\/div>\n\t\t<\/div>\n\t\t\t\t\t\t<\/div>\n\t\t\t\t<\/div>\n\t\t\t\t<div class=\"elementor-element elementor-element-785889e ob-harakiri-inherit exad-sticky-section-no exad-glass-effect-no ob-has-background-overlay elementor-widget elementor-widget-heading\" data-id=\"785889e\" data-element_type=\"widget\" data-settings=\"{&quot;_ob_use_harakiri&quot;:&quot;yes&quot;,&quot;_ob_harakiri_writing_mode&quot;:&quot;inherit&quot;,&quot;_ob_harakiri_text_clip&quot;:&quot;none&quot;,&quot;_ob_perspektive_use&quot;:&quot;no&quot;,&quot;_ob_poopart_use&quot;:&quot;yes&quot;,&quot;_ob_shadough_use&quot;:&quot;no&quot;,&quot;_ob_allow_hoveranimator&quot;:&quot;no&quot;,&quot;_ob_widget_stalker_use&quot;:&quot;no&quot;}\" data-widget_type=\"heading.default\">\n\t\t\t\t<div class=\"elementor-widget-container\">\n\t\t\t\t\t<h2 class=\"elementor-heading-title elementor-size-default\">L\u00e9elo Atentamente - \u00a1Gracias!<\/h2>\t\t\t\t<\/div>\n\t\t\t\t<\/div>\n\t\t\t\t<div class=\"elementor-element elementor-element-ff9fd60 ob-harakiri-inherit exad-sticky-section-no exad-glass-effect-no ob-has-background-overlay elementor-widget elementor-widget-text-editor\" data-id=\"ff9fd60\" data-element_type=\"widget\" data-settings=\"{&quot;_ob_use_harakiri&quot;:&quot;yes&quot;,&quot;_ob_harakiri_writing_mode&quot;:&quot;inherit&quot;,&quot;_ob_postman_use&quot;:&quot;no&quot;,&quot;_ob_perspektive_use&quot;:&quot;no&quot;,&quot;_ob_poopart_use&quot;:&quot;yes&quot;,&quot;_ob_shadough_use&quot;:&quot;no&quot;,&quot;_ob_allow_hoveranimator&quot;:&quot;no&quot;,&quot;_ob_widget_stalker_use&quot;:&quot;no&quot;}\" data-widget_type=\"text-editor.default\">\n\t\t\t\t<div class=\"elementor-widget-container\">\n\t\t\t\t\t\t\t\t\t<p>Estas son las Aplicaciones que tengo creadas actualmente, en la tienda de Apple est\u00e1n publicadas solo deb\u00e9is introducir el nombre en la Apple Store y podr\u00e9is descargarlas.<\/p><p>Pero en la tienda de Google Play es algo m\u00e1s dificil por lo que si quieres colaborar testeando y haciendo que google admita mi app os estar\u00e9 eternamente agradecido, solo tienes que seguir los siguientes pasos.<\/p><p>1- Manda un correo a tecxart@gmail.com o info@tecxart.es con tu cuenta de correo que uses en la Google Play Store.<\/p><p>2- Una vez que me mandes el correo tardar\u00e9 unas horas en darte de alta como tester de mi App, todo depende de lo cerca que tenga un ordenador.<\/p><p>3-Te mandar\u00e9 por correo un link, solo debes acceder a el que te redirigir\u00e1 a la Google Play Store, descargar la App y disfrutar de ella unos minutos al d\u00eda.<\/p><ul><li>NOTA: Si quieres puedes acceder al grupo de la App para estar informado y as\u00ed enterarte de actualizaciones o si est\u00e1 aprobada finalmente.<\/li><\/ul><p style=\"text-align: center;\">\u00a1GRACIAS POR TU COLABORACI\u00d3N!<\/p>\t\t\t\t\t\t\t\t<\/div>\n\t\t\t\t<\/div>\n\t\t\t\t<div class=\"elementor-element elementor-element-1cd97ce exad-sticky-section-no exad-glass-effect-no ob-has-background-overlay elementor-widget elementor-widget-spacer\" data-id=\"1cd97ce\" data-element_type=\"widget\" data-settings=\"{&quot;_ob_spacerat_use&quot;:&quot;no&quot;,&quot;_ob_perspektive_use&quot;:&quot;no&quot;,&quot;_ob_poopart_use&quot;:&quot;yes&quot;,&quot;_ob_shadough_use&quot;:&quot;no&quot;,&quot;_ob_allow_hoveranimator&quot;:&quot;no&quot;,&quot;_ob_widget_stalker_use&quot;:&quot;no&quot;}\" data-widget_type=\"spacer.default\">\n\t\t\t\t<div class=\"elementor-widget-container\">\n\t\t\t\t\t\t\t<div class=\"elementor-spacer\">\n\t\t\t<div class=\"elementor-spacer-inner\"><\/div>\n\t\t<\/div>\n\t\t\t\t\t\t<\/div>\n\t\t\t\t<\/div>\n\t\t\t\t\t<\/div>\n\t\t\t\t<\/div>\n\t\t<div class=\"has_eae_slider elementor-element elementor-element-629487d e-flex e-con-boxed wpr-particle-no wpr-jarallax-no wpr-parallax-no wpr-sticky-section-no wpr-column-slider-no wpr-equal-height-no e-con e-parent\" data-eae-slider=\"67540\" data-id=\"629487d\" data-element_type=\"container\" data-settings=\"{&quot;background_background&quot;:&quot;classic&quot;,&quot;_ob_use_container_extras&quot;:&quot;no&quot;,&quot;_ob_column_hoveranimator&quot;:&quot;no&quot;,&quot;_ha_eqh_enable&quot;:false,&quot;_ob_glider_is_slider&quot;:&quot;no&quot;,&quot;_ob_column_has_pseudo&quot;:&quot;no&quot;}\">\n\t\t\t\t\t<div class=\"e-con-inner\">\n\t\t\t\t<div class=\"elementor-element elementor-element-5bb921d ob-harakiri-inherit exad-sticky-section-no exad-glass-effect-no ob-has-background-overlay elementor-widget elementor-widget-heading\" data-id=\"5bb921d\" data-element_type=\"widget\" data-settings=\"{&quot;_ob_use_harakiri&quot;:&quot;yes&quot;,&quot;_ob_harakiri_writing_mode&quot;:&quot;inherit&quot;,&quot;_ob_harakiri_text_clip&quot;:&quot;none&quot;,&quot;_ob_perspektive_use&quot;:&quot;no&quot;,&quot;_ob_poopart_use&quot;:&quot;yes&quot;,&quot;_ob_shadough_use&quot;:&quot;no&quot;,&quot;_ob_allow_hoveranimator&quot;:&quot;no&quot;,&quot;_ob_widget_stalker_use&quot;:&quot;no&quot;}\" data-widget_type=\"heading.default\">\n\t\t\t\t<div class=\"elementor-widget-container\">\n\t\t\t\t\t<h2 class=\"elementor-heading-title elementor-size-default\">SHAKA TIMER<\/h2>\t\t\t\t<\/div>\n\t\t\t\t<\/div>\n\t\t\t\t<div class=\"elementor-element elementor-element-738f6b1 elementor-position-left elementor-vertical-align-middle exad-sticky-section-no exad-glass-effect-no ob-has-background-overlay elementor-widget elementor-widget-image-box\" data-id=\"738f6b1\" data-element_type=\"widget\" data-settings=\"{&quot;_ob_perspektive_use&quot;:&quot;no&quot;,&quot;_ob_poopart_use&quot;:&quot;yes&quot;,&quot;_ob_shadough_use&quot;:&quot;no&quot;,&quot;_ob_allow_hoveranimator&quot;:&quot;no&quot;,&quot;_ob_widget_stalker_use&quot;:&quot;no&quot;}\" data-widget_type=\"image-box.default\">\n\t\t\t\t<div class=\"elementor-widget-container\">\n\t\t\t\t\t<div class=\"elementor-image-box-wrapper\"><figure class=\"elementor-image-box-img\"><img decoding=\"async\" width=\"1920\" height=\"1080\" src=\"https:\/\/www.tecxart.es\/wp-content\/uploads\/2025\/09\/splash_screen.avif\" class=\"attachment-full size-full wp-image-898\" alt=\"\" srcset=\"https:\/\/www.tecxart.es\/wp-content\/uploads\/2025\/09\/splash_screen.avif 1920w, https:\/\/www.tecxart.es\/wp-content\/uploads\/2025\/09\/splash_screen-300x169.avif 300w, https:\/\/www.tecxart.es\/wp-content\/uploads\/2025\/09\/splash_screen-1024x576.avif 1024w, https:\/\/www.tecxart.es\/wp-content\/uploads\/2025\/09\/splash_screen-768x432.avif 768w, https:\/\/www.tecxart.es\/wp-content\/uploads\/2025\/09\/splash_screen-1536x864.avif 1536w\" sizes=\"(max-width: 1920px) 100vw, 1920px\" \/><\/figure><div class=\"elementor-image-box-content\"><h3 class=\"elementor-image-box-title\">TIMER DEPORTES<\/h3><p class=\"elementor-image-box-description\">SHAKA TIMER es como su nombre bien indica un TIMER, es decir cuenta regresiva.\nPensado para deportes de contacto y que puedas llevar el tiempo del combate, pero se puede usar para HIT, Tabatas, Crossfit y cualquier afici\u00f3n que necesite un contrarreloj. \n\nSi quieres probarlo sigue las instrucciones que hay m\u00e1s arriba hasta que se apruebe en la Play Store.\n<\/p><\/div><\/div>\t\t\t\t<\/div>\n\t\t\t\t<\/div>\n\t\t\t\t<div class=\"elementor-element elementor-element-04b568c ob-harakiri-inherit exad-sticky-section-no exad-glass-effect-no ob-has-background-overlay elementor-widget elementor-widget-text-editor\" data-id=\"04b568c\" data-element_type=\"widget\" data-settings=\"{&quot;_ob_use_harakiri&quot;:&quot;yes&quot;,&quot;_ob_harakiri_writing_mode&quot;:&quot;inherit&quot;,&quot;_ob_postman_use&quot;:&quot;no&quot;,&quot;_ob_perspektive_use&quot;:&quot;no&quot;,&quot;_ob_poopart_use&quot;:&quot;yes&quot;,&quot;_ob_shadough_use&quot;:&quot;no&quot;,&quot;_ob_allow_hoveranimator&quot;:&quot;no&quot;,&quot;_ob_widget_stalker_use&quot;:&quot;no&quot;}\" data-widget_type=\"text-editor.default\">\n\t\t\t\t<div class=\"elementor-widget-container\">\n\t\t\t\t\t\t\t\t\t<ul><li><span style=\"color: #ffffff;\"><a style=\"color: #ffffff;\" href=\"https:\/\/apps.apple.com\/es\/app\/shaka-timer\/id6752125784\" target=\"_blank\" rel=\"noopener\">Descargar<\/a> para iOs<\/span><\/li><li><span style=\"color: #ffffff;\"><a style=\"color: #ffffff;\" href=\"https:\/\/play.google.com\/store\/apps\/details?id=com.tecxart.shaka_timer&amp;hl=zh-CN\" target=\"_blank\" rel=\"noopener\">Descargar<\/a> Android<\/span><\/li><\/ul>\t\t\t\t\t\t\t\t<\/div>\n\t\t\t\t<\/div>\n\t\t\t\t<div class=\"elementor-element elementor-element-f0b9b35 elementor-widget-divider--view-line exad-sticky-section-no exad-glass-effect-no ob-has-background-overlay elementor-widget elementor-widget-divider\" data-id=\"f0b9b35\" data-element_type=\"widget\" data-settings=\"{&quot;_ob_perspektive_use&quot;:&quot;no&quot;,&quot;_ob_poopart_use&quot;:&quot;yes&quot;,&quot;_ob_shadough_use&quot;:&quot;no&quot;,&quot;_ob_allow_hoveranimator&quot;:&quot;no&quot;,&quot;_ob_widget_stalker_use&quot;:&quot;no&quot;}\" data-widget_type=\"divider.default\">\n\t\t\t\t<div class=\"elementor-widget-container\">\n\t\t\t\t\t\t\t<div class=\"elementor-divider\">\n\t\t\t<span class=\"elementor-divider-separator\">\n\t\t\t\t\t\t<\/span>\n\t\t<\/div>\n\t\t\t\t\t\t<\/div>\n\t\t\t\t<\/div>\n\t\t\t\t\t<\/div>\n\t\t\t\t<\/div>\n\t\t\t\t<\/div>\n\t\t","protected":false},"excerpt":{"rendered":"<p>Gracias por visitar mi web, en esta secci\u00f3n quiero pedirte un favor.Si tienes un tel\u00e9fono Android ay\u00fadame a publicar mis Apps en la Tienda de Google Play. \u00a1Gracias! L\u00e9elo Atentamente &#8211; \u00a1Gracias! Estas son las Aplicaciones que tengo creadas actualmente, en la tienda de Apple est\u00e1n publicadas solo deb\u00e9is introducir el nombre en la Apple Store y podr\u00e9is descargarlas. Pero en la tienda de Google Play es algo m\u00e1s&hellip;<\/p>\n<p> <a class=\"more-link\" href=\"https:\/\/www.tecxart.es\/?page_id=1191\">Leer m\u00e1s<\/a><\/p>\n","protected":false},"author":1,"featured_media":0,"parent":0,"menu_order":0,"comment_status":"closed","ping_status":"closed","template":"elementor_header_footer","meta":{"footnotes":""},"class_list":["post-1191","page","type-page","status-publish"],"_links":{"self":[{"href":"https:\/\/www.tecxart.es\/index.php?rest_route=\/wp\/v2\/pages\/1191","targetHints":{"allow":["GET"]}}],"collection":[{"href":"https:\/\/www.tecxart.es\/index.php?rest_route=\/wp\/v2\/pages"}],"about":[{"href":"https:\/\/www.tecxart.es\/index.php?rest_route=\/wp\/v2\/types\/page"}],"author":[{"embeddable":true,"href":"https:\/\/www.tecxart.es\/index.php?rest_route=\/wp\/v2\/users\/1"}],"replies":[{"embeddable":true,"href":"https:\/\/www.tecxart.es\/index.php?rest_route=%2Fwp%2Fv2%2Fcomments&post=1191"}],"version-history":[{"count":0,"href":"https:\/\/www.tecxart.es\/index.php?rest_route=\/wp\/v2\/pages\/1191\/revisions"}],"wp:attachment":[{"href":"https:\/\/www.tecxart.es\/index.php?rest_route=%2Fwp%2Fv2%2Fmedia&parent=1191"}],"curies":[{"name":"wp","href":"https:\/\/api.w.org\/{rel}","templated":true}]}}